{"id":2,"date":"2020-04-07T10:49:06","date_gmt":"2020-04-07T08:49:06","guid":{"rendered":"https:\/\/www.youpi-martinique.fr\/blog\/?page_id=2"},"modified":"2020-04-08T16:17:32","modified_gmt":"2020-04-08T14:17:32","slug":"accueil-bienvenue-sur-le-blog-youpi-martinique-fr","status":"publish","type":"page","link":"https:\/\/www.youpi-martinique.fr\/blog\/","title":{"rendered":"Accueil &#8211; Bienvenue sur le blog de Youpi-Martinique.fr"},"content":{"rendered":"<p><\/p>\n<div class=\"vce-row-container\">\n<div id=\"el-a0f0b093\" class=\"vce-row vce-row--col-gap-30 vce-row-columns--top vce-row-content--top\" data-vce-do-apply=\"all el-a0f0b093\">\n<div class=\"vce-row-content\" data-vce-element-content=\"true\">\n<div id=\"el-3046c1b4\" class=\"vce-col vce-col--md-auto vce-col--xs-1 vce-col--xs-last vce-col--xs-first vce-col--sm-last vce-col--sm-first vce-col--md-last vce-col--lg-last vce-col--xl-last vce-col--md-first vce-col--lg-first vce-col--xl-first\">\n<div class=\"vce-col-inner\" data-vce-do-apply=\"border margin background  el-3046c1b4\">\n<div class=\"vce-col-content\" data-vce-element-content=\"true\" data-vce-do-apply=\"padding el-3046c1b4\">\n<div class=\"vce-text-block\">\n<div id=\"el-d9028b9a\" class=\"vce-text-block-wrapper vce\" data-vce-do-apply=\"all el-d9028b9a\">&nbsp;<\/div>\n<\/div>\n<\/div>\n<\/div>\n<\/div>\n<\/div>\n<\/div>\n<\/div>\n\n\n<p>YOUPI Martinique est un loueur ind\u00e9pendant. Cel\u00e0 nous permet d'avoir une souplesse sur nos tarifs et nous permet de nous adapter \u00e0 vos exigences de location. Gr\u00e2ce \u00e0 une politique d'achat de nos v\u00e9hicules innovantes, nous pouvons vous louer nos v\u00e9hicules \u00e0 des prix concurrentiels. Si pour certains la location de voiture \"pas ch\u00e8re\" est signe de qualit\u00e9 low cost, vous serez surpris par la qualit\u00e9 de service que nous proposons.<br><br>Appel\u00e9e aussi la fleur des cara\u00efbes, la Martinique propose un soleil quasiment toute l'ann\u00e9e, ses plages de sable fin \u00e0 l'infini et l'authenticit\u00e9 de ses paysages dans les terres. Que ce soit pour se reposer, se ressourcer, se cultiver, se r\u00e9fugier ou profiter de ses nombreuses activit\u00e9s nautiques, la Martinique a tout pour vous satisfaire...<\/p>\n\n\n<p><\/p>","protected":false},"excerpt":{"rendered":"<p>&nbsp; YOUPI Martinique est un loueur ind\u00e9pendant. Cel\u00e0 nous permet d&rsquo;avoir une souplesse sur nos tarifs et nous permet de nous adapter \u00e0 vos exigences de location. Gr\u00e2ce \u00e0 une politique d&rsquo;achat de nos v\u00e9hicules innovantes, nous pouvons vous louer nos v\u00e9hicules \u00e0 des prix concurrentiels. Si pour certains la location de voiture \u00ab\u00a0pas ch\u00e8re\u00a0\u00bb &hellip;<\/p>\n","protected":false},"author":1,"featured_media":0,"parent":0,"menu_order":0,"comment_status":"closed","ping_status":"open","template":"","meta":{"footnotes":""},"class_list":["post-2","page","type-page","status-publish",""],"yoast_head":"<!-- This site is optimized with the Yoast SEO plugin v26.8 - https:\/\/yoast.com\/product\/yoast-seo-wordpress\/ -->\n<title>Accueil - Bienvenue sur le blog de Youpi-Martinique.fr - Blog Youpi-Martinique<\/title>\n<meta name=\"robots\" content=\"index, follow, max-snippet:-1, max-image-preview:large, max-video-preview:-1\" \/>\n<link rel=\"canonical\" href=\"https:\/\/www.youpi-martinique.fr\/blog\/\" \/>\n<meta property=\"og:locale\" content=\"fr_FR\" \/>\n<meta property=\"og:type\" content=\"article\" \/>\n<meta property=\"og:title\" content=\"Accueil - Bienvenue sur le blog de Youpi-Martinique.fr - Blog Youpi-Martinique\" \/>\n<meta property=\"og:description\" content=\"&nbsp; YOUPI Martinique est un loueur ind\u00e9pendant. Cel\u00e0 nous permet d&#039;avoir une souplesse sur nos tarifs et nous permet de nous adapter \u00e0 vos exigences de location. Gr\u00e2ce \u00e0 une politique d&#039;achat de nos v\u00e9hicules innovantes, nous pouvons vous louer nos v\u00e9hicules \u00e0 des prix concurrentiels. Si pour certains la location de voiture &quot;pas ch\u00e8re&quot; &hellip;\" \/>\n<meta property=\"og:url\" content=\"https:\/\/www.youpi-martinique.fr\/blog\/\" \/>\n<meta property=\"og:site_name\" content=\"Blog Youpi-Martinique\" \/>\n<meta property=\"article:publisher\" content=\"https:\/\/www.facebook.com\/youpimartinique.fr\" \/>\n<meta property=\"article:modified_time\" content=\"2020-04-08T14:17:32+00:00\" \/>\n<meta name=\"twitter:card\" content=\"summary_large_image\" \/>\n<meta name=\"twitter:label1\" content=\"Dur\u00e9e de lecture estim\u00e9e\" \/>\n\t<meta name=\"twitter:data1\" content=\"1 minute\" \/>\n<script type=\"application\/ld+json\" class=\"yoast-schema-graph\">{\"@context\":\"https:\/\/schema.org\",\"@graph\":[{\"@type\":\"WebPage\",\"@id\":\"https:\/\/www.youpi-martinique.fr\/blog\/\",\"url\":\"https:\/\/www.youpi-martinique.fr\/blog\/\",\"name\":\"Accueil - Bienvenue sur le blog de Youpi-Martinique.fr - Blog Youpi-Martinique\",\"isPartOf\":{\"@id\":\"https:\/\/www.youpi-martinique.fr\/blog\/#website\"},\"datePublished\":\"2020-04-07T08:49:06+00:00\",\"dateModified\":\"2020-04-08T14:17:32+00:00\",\"breadcrumb\":{\"@id\":\"https:\/\/www.youpi-martinique.fr\/blog\/#breadcrumb\"},\"inLanguage\":\"fr-FR\",\"potentialAction\":[{\"@type\":\"ReadAction\",\"target\":[\"https:\/\/www.youpi-martinique.fr\/blog\/\"]}]},{\"@type\":\"BreadcrumbList\",\"@id\":\"https:\/\/www.youpi-martinique.fr\/blog\/#breadcrumb\",\"itemListElement\":[{\"@type\":\"ListItem\",\"position\":1,\"name\":\"Accueil\",\"item\":\"https:\/\/www.youpi-martinique.fr\/blog\/\"},{\"@type\":\"ListItem\",\"position\":2,\"name\":\"Accueil &#8211; Bienvenue sur le blog de Youpi-Martinique.fr\"}]},{\"@type\":\"WebSite\",\"@id\":\"https:\/\/www.youpi-martinique.fr\/blog\/#website\",\"url\":\"https:\/\/www.youpi-martinique.fr\/blog\/\",\"name\":\"Blog Youpi-Martinique\",\"description\":\"R\u00e9servez votre v\u00e9hicule en Martinique\",\"publisher\":{\"@id\":\"https:\/\/www.youpi-martinique.fr\/blog\/#organization\"},\"potentialAction\":[{\"@type\":\"SearchAction\",\"target\":{\"@type\":\"EntryPoint\",\"urlTemplate\":\"https:\/\/www.youpi-martinique.fr\/blog\/?s={search_term_string}\"},\"query-input\":{\"@type\":\"PropertyValueSpecification\",\"valueRequired\":true,\"valueName\":\"search_term_string\"}}],\"inLanguage\":\"fr-FR\"},{\"@type\":\"Organization\",\"@id\":\"https:\/\/www.youpi-martinique.fr\/blog\/#organization\",\"name\":\"Blog Youpi-Martinique\",\"url\":\"https:\/\/www.youpi-martinique.fr\/blog\/\",\"logo\":{\"@type\":\"ImageObject\",\"inLanguage\":\"fr-FR\",\"@id\":\"https:\/\/www.youpi-martinique.fr\/blog\/#\/schema\/logo\/image\/\",\"url\":\"https:\/\/www.youpi-martinique.fr\/blog\/wp-content\/uploads\/2023\/06\/grand_logo_mini_fond_rouge.jpg\",\"contentUrl\":\"https:\/\/www.youpi-martinique.fr\/blog\/wp-content\/uploads\/2023\/06\/grand_logo_mini_fond_rouge.jpg\",\"width\":800,\"height\":248,\"caption\":\"Blog Youpi-Martinique\"},\"image\":{\"@id\":\"https:\/\/www.youpi-martinique.fr\/blog\/#\/schema\/logo\/image\/\"},\"sameAs\":[\"https:\/\/www.facebook.com\/youpimartinique.fr\"]}]}<\/script>\n<!-- \/ Yoast SEO plugin. -->","yoast_head_json":{"title":"Accueil - Bienvenue sur le blog de Youpi-Martinique.fr - Blog Youpi-Martinique","robots":{"index":"index","follow":"follow","max-snippet":"max-snippet:-1","max-image-preview":"max-image-preview:large","max-video-preview":"max-video-preview:-1"},"canonical":"https:\/\/www.youpi-martinique.fr\/blog\/","og_locale":"fr_FR","og_type":"article","og_title":"Accueil - Bienvenue sur le blog de Youpi-Martinique.fr - Blog Youpi-Martinique","og_description":"&nbsp; YOUPI Martinique est un loueur ind\u00e9pendant. Cel\u00e0 nous permet d'avoir une souplesse sur nos tarifs et nous permet de nous adapter \u00e0 vos exigences de location. Gr\u00e2ce \u00e0 une politique d'achat de nos v\u00e9hicules innovantes, nous pouvons vous louer nos v\u00e9hicules \u00e0 des prix concurrentiels. Si pour certains la location de voiture \"pas ch\u00e8re\" &hellip;","og_url":"https:\/\/www.youpi-martinique.fr\/blog\/","og_site_name":"Blog Youpi-Martinique","article_publisher":"https:\/\/www.facebook.com\/youpimartinique.fr","article_modified_time":"2020-04-08T14:17:32+00:00","twitter_card":"summary_large_image","twitter_misc":{"Dur\u00e9e de lecture estim\u00e9e":"1 minute"},"schema":{"@context":"https:\/\/schema.org","@graph":[{"@type":"WebPage","@id":"https:\/\/www.youpi-martinique.fr\/blog\/","url":"https:\/\/www.youpi-martinique.fr\/blog\/","name":"Accueil - Bienvenue sur le blog de Youpi-Martinique.fr - Blog Youpi-Martinique","isPartOf":{"@id":"https:\/\/www.youpi-martinique.fr\/blog\/#website"},"datePublished":"2020-04-07T08:49:06+00:00","dateModified":"2020-04-08T14:17:32+00:00","breadcrumb":{"@id":"https:\/\/www.youpi-martinique.fr\/blog\/#breadcrumb"},"inLanguage":"fr-FR","potentialAction":[{"@type":"ReadAction","target":["https:\/\/www.youpi-martinique.fr\/blog\/"]}]},{"@type":"BreadcrumbList","@id":"https:\/\/www.youpi-martinique.fr\/blog\/#breadcrumb","itemListElement":[{"@type":"ListItem","position":1,"name":"Accueil","item":"https:\/\/www.youpi-martinique.fr\/blog\/"},{"@type":"ListItem","position":2,"name":"Accueil &#8211; Bienvenue sur le blog de Youpi-Martinique.fr"}]},{"@type":"WebSite","@id":"https:\/\/www.youpi-martinique.fr\/blog\/#website","url":"https:\/\/www.youpi-martinique.fr\/blog\/","name":"Blog Youpi-Martinique","description":"R\u00e9servez votre v\u00e9hicule en Martinique","publisher":{"@id":"https:\/\/www.youpi-martinique.fr\/blog\/#organization"},"potentialAction":[{"@type":"SearchAction","target":{"@type":"EntryPoint","urlTemplate":"https:\/\/www.youpi-martinique.fr\/blog\/?s={search_term_string}"},"query-input":{"@type":"PropertyValueSpecification","valueRequired":true,"valueName":"search_term_string"}}],"inLanguage":"fr-FR"},{"@type":"Organization","@id":"https:\/\/www.youpi-martinique.fr\/blog\/#organization","name":"Blog Youpi-Martinique","url":"https:\/\/www.youpi-martinique.fr\/blog\/","logo":{"@type":"ImageObject","inLanguage":"fr-FR","@id":"https:\/\/www.youpi-martinique.fr\/blog\/#\/schema\/logo\/image\/","url":"https:\/\/www.youpi-martinique.fr\/blog\/wp-content\/uploads\/2023\/06\/grand_logo_mini_fond_rouge.jpg","contentUrl":"https:\/\/www.youpi-martinique.fr\/blog\/wp-content\/uploads\/2023\/06\/grand_logo_mini_fond_rouge.jpg","width":800,"height":248,"caption":"Blog Youpi-Martinique"},"image":{"@id":"https:\/\/www.youpi-martinique.fr\/blog\/#\/schema\/logo\/image\/"},"sameAs":["https:\/\/www.facebook.com\/youpimartinique.fr"]}]}},"_links":{"self":[{"href":"https:\/\/www.youpi-martinique.fr\/blog\/wp-json\/wp\/v2\/pages\/2","targetHints":{"allow":["GET"]}}],"collection":[{"href":"https:\/\/www.youpi-martinique.fr\/blog\/wp-json\/wp\/v2\/pages"}],"about":[{"href":"https:\/\/www.youpi-martinique.fr\/blog\/wp-json\/wp\/v2\/types\/page"}],"author":[{"embeddable":true,"href":"https:\/\/www.youpi-martinique.fr\/blog\/wp-json\/wp\/v2\/users\/1"}],"replies":[{"embeddable":true,"href":"https:\/\/www.youpi-martinique.fr\/blog\/wp-json\/wp\/v2\/comments?post=2"}],"version-history":[{"count":6,"href":"https:\/\/www.youpi-martinique.fr\/blog\/wp-json\/wp\/v2\/pages\/2\/revisions"}],"predecessor-version":[{"id":138,"href":"https:\/\/www.youpi-martinique.fr\/blog\/wp-json\/wp\/v2\/pages\/2\/revisions\/138"}],"wp:attachment":[{"href":"https:\/\/www.youpi-martinique.fr\/blog\/wp-json\/wp\/v2\/media?parent=2"}],"curies":[{"name":"wp","href":"https:\/\/api.w.org\/{rel}","templated":true}]}}